{"id":2957,"date":"2023-10-26T15:52:04","date_gmt":"2023-10-26T15:52:04","guid":{"rendered":"https:\/\/mossegam.com\/?page_id=2957"},"modified":"2024-04-22T17:10:18","modified_gmt":"2024-04-22T17:10:18","slug":"contactar-restaurant-blanes","status":"publish","type":"page","link":"https:\/\/mossegam.com\/ca\/contactar-restaurant-blanes\/","title":{"rendered":"CONTACTAR"},"content":{"rendered":"\t\t<div data-elementor-type=\"wp-page\" data-elementor-id=\"2957\" class=\"elementor elementor-2957\">\n\t\t\t\t<div class=\"elementor-element elementor-element-f7b0c32 e-flex e-con-boxed e-con e-parent\" data-id=\"f7b0c32\" data-element_type=\"container\" data-settings=\"{&quot;background_background&quot;:&quot;slideshow&quot;,&quot;background_slideshow_gallery&quot;:[],&quot;background_slideshow_loop&quot;:&quot;yes&quot;,&quot;background_slideshow_slide_duration&quot;:5000,&quot;background_slideshow_slide_transition&quot;:&quot;fade&quot;,&quot;background_slideshow_transition_duration&quot;:500}\">\n\t\t\t\t\t<div class=\"e-con-inner\">\n\t\t\t\t\t<\/div>\n\t\t\t\t<\/div>\n\t\t<div class=\"elementor-element elementor-element-e4c7449 e-flex e-con-boxed e-con e-parent\" data-id=\"e4c7449\" data-element_type=\"container\">\n\t\t\t\t\t<div class=\"e-con-inner\">\n\t\t\t\t<div class=\"elementor-element elementor-element-ad3f061 elementor-widget elementor-widget-spacer\" data-id=\"ad3f061\" data-element_type=\"widget\" data-widget_type=\"spacer.default\">\n\t\t\t\t<div class=\"elementor-widget-container\">\n\t\t\t\t\t\t\t<div class=\"elementor-spacer\">\n\t\t\t<div class=\"elementor-spacer-inner\"><\/div>\n\t\t<\/div>\n\t\t\t\t\t\t<\/div>\n\t\t\t\t<\/div>\n\t\t\t\t\t<\/div>\n\t\t\t\t<\/div>\n\t\t<div class=\"elementor-element elementor-element-ab1eb7c e-flex e-con-boxed e-con e-parent\" data-id=\"ab1eb7c\" data-element_type=\"container\">\n\t\t\t\t\t<div class=\"e-con-inner\">\n\t\t<div class=\"elementor-element elementor-element-63ac3a4 e-con-full e-flex e-con e-child\" data-id=\"63ac3a4\" data-element_type=\"container\">\n\t\t\t\t<div class=\"elementor-element elementor-element-aba33f5 elementor-widget elementor-widget-image\" data-id=\"aba33f5\" data-element_type=\"widget\" data-widget_type=\"image.default\">\n\t\t\t\t<div class=\"elementor-widget-container\">\n\t\t\t\t\t\t\t\t\t\t\t\t\t\t\t<img decoding=\"async\" width=\"350\" height=\"95\" src=\"https:\/\/mossegam.com\/wp-content\/uploads\/2023\/10\/Logo-Mossegam-350px.png\" class=\"attachment-large size-large wp-image-2835\" alt=\"\" srcset=\"https:\/\/mossegam.com\/wp-content\/uploads\/2023\/10\/Logo-Mossegam-350px.png 350w, https:\/\/mossegam.com\/wp-content\/uploads\/2023\/10\/Logo-Mossegam-350px-300x81.png 300w\" sizes=\"(max-width: 350px) 100vw, 350px\" \/>\t\t\t\t\t\t\t\t\t\t\t\t\t\t\t<\/div>\n\t\t\t\t<\/div>\n\t\t\t\t<div class=\"elementor-element elementor-element-42c56ab elementor-widget elementor-widget-text-editor\" data-id=\"42c56ab\" data-element_type=\"widget\" data-widget_type=\"text-editor.default\">\n\t\t\t\t<div class=\"elementor-widget-container\">\n\t\t\t\t\t\t\t\t\t<p>Ctra. Malgrat, 1,<br>17300 Blanes, Girona<\/p>\n<p>Tel: 640 80 94 07<\/p>\n<p>E-mail:&nbsp;<a style=\"color: #e75012;\" href=\"mailto:mossegam@mossegam.com\">mossegam@mossegam.com<\/a><\/p>\n<p>NOM\u00c9S ACCEPTEM RESERVES PER TEL\u00c8FON<\/p>\n<p>\u00b7 Per m\u00e9s informaci\u00f3 no dubteu a contactar amb nosaltres.<\/p>\t\t\t\t\t\t\t\t<\/div>\n\t\t\t\t<\/div>\n\t\t\t\t<\/div>\n\t\t<div class=\"elementor-element elementor-element-45a5e7c e-con-full e-flex e-con e-child\" data-id=\"45a5e7c\" data-element_type=\"container\">\n\t\t\t\t<div class=\"elementor-element elementor-element-95ca63e elementor-widget elementor-widget-image\" data-id=\"95ca63e\" data-element_type=\"widget\" data-widget_type=\"image.default\">\n\t\t\t\t<div class=\"elementor-widget-container\">\n\t\t\t\t\t\t\t\t\t\t\t\t\t\t\t<img fetchpriority=\"high\" decoding=\"async\" width=\"1024\" height=\"683\" src=\"https:\/\/mossegam.com\/wp-content\/uploads\/2023\/10\/SLIDER-3-1024x683.jpg\" class=\"attachment-large size-large wp-image-2852\" alt=\"\" srcset=\"https:\/\/mossegam.com\/wp-content\/uploads\/2023\/10\/SLIDER-3-1024x683.jpg 1024w, https:\/\/mossegam.com\/wp-content\/uploads\/2023\/10\/SLIDER-3-300x200.jpg 300w, https:\/\/mossegam.com\/wp-content\/uploads\/2023\/10\/SLIDER-3-768x512.jpg 768w, https:\/\/mossegam.com\/wp-content\/uploads\/2023\/10\/SLIDER-3.jpg 1500w\" sizes=\"(max-width: 1024px) 100vw, 1024px\" \/>\t\t\t\t\t\t\t\t\t\t\t\t\t\t\t<\/div>\n\t\t\t\t<\/div>\n\t\t\t\t<\/div>\n\t\t\t\t\t<\/div>\n\t\t\t\t<\/div>\n\t\t<div class=\"elementor-element elementor-element-fe65ffd e-flex e-con-boxed e-con e-parent\" data-id=\"fe65ffd\" data-element_type=\"container\">\n\t\t\t\t\t<div class=\"e-con-inner\">\n\t\t\t\t<div class=\"elementor-element elementor-element-fe0909e elementor-widget-divider--view-line_icon elementor-view-default elementor-widget-divider--element-align-center elementor-widget elementor-widget-divider\" data-id=\"fe0909e\" data-element_type=\"widget\" data-widget_type=\"divider.default\">\n\t\t\t\t<div class=\"elementor-widget-container\">\n\t\t\t\t\t\t\t<div class=\"elementor-divider\">\n\t\t\t<span class=\"elementor-divider-separator\">\n\t\t\t\t\t\t\t<div class=\"elementor-icon elementor-divider__element\">\n\t\t\t\t\t<i aria-hidden=\"true\" class=\"fas fa-star\"><\/i><\/div>\n\t\t\t\t\t\t<\/span>\n\t\t<\/div>\n\t\t\t\t\t\t<\/div>\n\t\t\t\t<\/div>\n\t\t\t\t<div class=\"elementor-element elementor-element-0722ecf elementor-widget elementor-widget-google_maps\" data-id=\"0722ecf\" data-element_type=\"widget\" data-widget_type=\"google_maps.default\">\n\t\t\t\t<div class=\"elementor-widget-container\">\n\t\t\t\t\t\t\t<div class=\"elementor-custom-embed\">\n\t\t\t<iframe loading=\"lazy\"\n\t\t\t\t\tsrc=\"https:\/\/maps.google.com\/maps?q=Ctra.%20Malgrat%2C%201%2C%2017300%20Blanes%2C%20Girona&#038;t=m&#038;z=18&#038;output=embed&#038;iwloc=near\"\n\t\t\t\t\ttitle=\"Ctra. Malgrat, 1, 17300 Blanes, Girona\"\n\t\t\t\t\taria-label=\"Ctra. Malgrat, 1, 17300 Blanes, Girona\"\n\t\t\t><\/iframe>\n\t\t<\/div>\n\t\t\t\t\t\t<\/div>\n\t\t\t\t<\/div>\n\t\t\t\t<div class=\"elementor-element elementor-element-9ba793d elementor-widget-divider--view-line elementor-widget elementor-widget-divider\" data-id=\"9ba793d\" data-element_type=\"widget\" data-widget_type=\"divider.default\">\n\t\t\t\t<div class=\"elementor-widget-container\">\n\t\t\t\t\t\t\t<div class=\"elementor-divider\">\n\t\t\t<span class=\"elementor-divider-separator\">\n\t\t\t\t\t\t<\/span>\n\t\t<\/div>\n\t\t\t\t\t\t<\/div>\n\t\t\t\t<\/div>\n\t\t\t\t<div class=\"elementor-element elementor-element-1c057e0 elementor-widget elementor-widget-spacer\" data-id=\"1c057e0\" data-element_type=\"widget\" data-widget_type=\"spacer.default\">\n\t\t\t\t<div class=\"elementor-widget-container\">\n\t\t\t\t\t\t\t<div class=\"elementor-spacer\">\n\t\t\t<div class=\"elementor-spacer-inner\"><\/div>\n\t\t<\/div>\n\t\t\t\t\t\t<\/div>\n\t\t\t\t<\/div>\n\t\t\t\t\t<\/div>\n\t\t\t\t<\/div>\n\t\t<div class=\"elementor-element elementor-element-0380150 e-flex e-con-boxed e-con e-parent\" data-id=\"0380150\" data-element_type=\"container\">\n\t\t\t\t\t<div class=\"e-con-inner\">\n\t\t<div class=\"elementor-element elementor-element-b1161cf e-con-full e-flex e-con e-child\" data-id=\"b1161cf\" data-element_type=\"container\">\n\t\t\t\t<div class=\"elementor-element elementor-element-2e6a713 elementor-widget elementor-widget-heading\" data-id=\"2e6a713\" data-element_type=\"widget\" data-widget_type=\"heading.default\">\n\t\t\t\t<div class=\"elementor-widget-container\">\n\t\t\t\t\t<h2 class=\"elementor-heading-title elementor-size-default\">Nos encontrar\u00e9is...<\/h2>\t\t\t\t<\/div>\n\t\t\t\t<\/div>\n\t\t\t\t<div class=\"elementor-element elementor-element-53116d9 elementor-widget elementor-widget-text-editor\" data-id=\"53116d9\" data-element_type=\"widget\" data-widget_type=\"text-editor.default\">\n\t\t\t\t<div class=\"elementor-widget-container\">\n\t\t\t\t\t\t\t\t\t<p style=\"margin-bottom: 0cm;\" align=\"CENTER\">Donde la costa se vuelve m\u00e1s brava<\/p><p style=\"margin-bottom: 0cm;\" align=\"CENTER\">y la roca emerge del mar para contemplar<\/p><p style=\"margin-bottom: 0cm;\" align=\"CENTER\">toda la belleza de sus kilom\u00e9tricas playas.<\/p><p align=\"CENTER\">\u00a0<\/p><p style=\"margin-bottom: 0cm;\" align=\"CENTER\">Donde las monta\u00f1as acantiladas<\/p><p style=\"margin-bottom: 0cm;\" align=\"CENTER\">zigzaguean para formar<\/p><p style=\"margin-bottom: 0cm;\" align=\"CENTER\">Id\u00edlicas y cristalinas calas.<\/p><p style=\"margin-bottom: 0cm;\" align=\"CENTER\">Donde la costa alberga<\/p><p style=\"margin-bottom: 0cm;\" align=\"CENTER\">sus exuberantes jardines bot\u00e1nicos,<\/p><p style=\"margin-bottom: 0cm;\" align=\"CENTER\">hogar de especies variadas, algunas de ellas raras<\/p><p style=\"margin-bottom: 0cm;\" align=\"CENTER\">todas ellas hermosas y delicadas.<\/p><p align=\"CENTER\">\u00a0<\/p><p style=\"margin-bottom: 0cm;\" align=\"CENTER\">Donde la monta\u00f1a se envuelve en un manto<\/p><p style=\"margin-bottom: 0cm;\" align=\"CENTER\">de espuma blanca<\/p><p style=\"margin-bottom: 0cm;\" align=\"CENTER\">y en su cumbre m\u00e1s alta<\/p><p style=\"margin-bottom: 0cm;\" align=\"CENTER\">una antigua atalaya es rodeada<\/p><p style=\"margin-bottom: 0cm;\" align=\"CENTER\">por su muralla perforada.<\/p><p align=\"CENTER\">\u00a0<\/p><p style=\"margin-bottom: 0cm;\" align=\"CENTER\">Donde en su paseo un Ruyra<\/p><p style=\"margin-bottom: 0cm;\" align=\"CENTER\">adormece en sus brazos<\/p><p style=\"margin-bottom: 0cm;\" align=\"CENTER\">a las palomas que contemplan<\/p><p style=\"margin-bottom: 0cm;\" align=\"CENTER\">las capturas de sus barcos.<\/p><p align=\"CENTER\">\u00a0<\/p><p style=\"margin-bottom: 0cm;\" align=\"CENTER\">Donde en sus fiestas patronales<\/p><p style=\"margin-bottom: 0cm;\" align=\"CENTER\">los azules se oscurecen con las noches<\/p><p style=\"margin-bottom: 0cm;\" align=\"CENTER\">y se iluminan con destellos<\/p><p style=\"margin-bottom: 0cm;\" align=\"CENTER\">de los fuegos de artificio<\/p><p style=\"margin-bottom: 0cm;\" align=\"CENTER\">explosiones de colores y sonidos atronadores.<\/p><p align=\"CENTER\">\u00a0<\/p><p style=\"margin-bottom: 0cm;\" align=\"CENTER\">Donde en su arena se haya<\/p><p style=\"margin-bottom: 0cm;\" align=\"CENTER\">el Portal de la Costa Brava<\/p><p><img decoding=\"async\" class=\"size-medium wp-image-14 aligncenter\" src=\"http:\/\/mossegam.com\/wp-content\/uploads\/2023\/10\/M-MOSSEGAM-LOGO-512px-300x300.png\" alt=\"\" width=\"150\" height=\"150\" srcset=\"https:\/\/mossegam.com\/wp-content\/uploads\/2023\/10\/M-MOSSEGAM-LOGO-512px-300x300.png 300w, https:\/\/mossegam.com\/wp-content\/uploads\/2023\/10\/M-MOSSEGAM-LOGO-512px-150x150.png 150w, https:\/\/mossegam.com\/wp-content\/uploads\/2023\/10\/M-MOSSEGAM-LOGO-512px.png 512w\" sizes=\"(max-width: 150px) 100vw, 150px\" \/><\/p><p style=\"margin-bottom: 0cm;\" align=\"CENTER\">Carretera de Malgrat 1<\/p><p style=\"margin-bottom: 0cm;\" align=\"CENTER\">BLANES<\/p>\t\t\t\t\t\t\t\t<\/div>\n\t\t\t\t<\/div>\n\t\t\t\t<\/div>\n\t\t<div class=\"elementor-element elementor-element-8f2723e e-con-full e-flex e-con e-child\" data-id=\"8f2723e\" data-element_type=\"container\">\n\t\t\t\t<div class=\"elementor-element elementor-element-9b06e74 elementor-widget elementor-widget-text-editor\" data-id=\"9b06e74\" data-element_type=\"widget\" data-widget_type=\"text-editor.default\">\n\t\t\t\t<div class=\"elementor-widget-container\">\n\t\t\t\t\t\t\t\t\t<p><img loading=\"lazy\" decoding=\"async\" class=\"aligncenter wp-image-3707 size-full\" src=\"http:\/\/mossegam.com\/wp-content\/uploads\/2024\/01\/Mossegam_hamburguesa_1_Contactar.gif\" alt=\"\" width=\"848\" height=\"1911\" \/><\/p>\t\t\t\t\t\t\t\t<\/div>\n\t\t\t\t<\/div>\n\t\t\t\t<\/div>\n\t\t\t\t\t<\/div>\n\t\t\t\t<\/div>\n\t\t<div class=\"elementor-element elementor-element-d4dc47b e-flex e-con-boxed e-con e-parent\" data-id=\"d4dc47b\" data-element_type=\"container\">\n\t\t\t\t\t<div class=\"e-con-inner\">\n\t\t<div class=\"elementor-element elementor-element-70f5937 e-con-full e-flex e-con e-child\" data-id=\"70f5937\" data-element_type=\"container\">\n\t\t\t\t<\/div>\n\t\t\t\t\t<\/div>\n\t\t\t\t<\/div>\n\t\t<div class=\"elementor-element elementor-element-338fb88 e-flex e-con-boxed e-con e-parent\" data-id=\"338fb88\" data-element_type=\"container\">\n\t\t\t\t\t<div class=\"e-con-inner\">\n\t\t\t\t<div class=\"elementor-element elementor-element-5854fe3 elementor-widget elementor-widget-spacer\" data-id=\"5854fe3\" data-element_type=\"widget\" data-widget_type=\"spacer.default\">\n\t\t\t\t<div class=\"elementor-widget-container\">\n\t\t\t\t\t\t\t<div class=\"elementor-spacer\">\n\t\t\t<div class=\"elementor-spacer-inner\"><\/div>\n\t\t<\/div>\n\t\t\t\t\t\t<\/div>\n\t\t\t\t<\/div>\n\t\t\t\t\t<\/div>\n\t\t\t\t<\/div>\n\t\t\t\t<\/div>\n\t\t","protected":false},"excerpt":{"rendered":"<p>Ctra. Malgrat, 1,17300 Blanes, Girona Tel: 640 80 94 07 E-mail:&nbsp;mossegam@mossegam.com NOM\u00c9S ACCEPTEM RESERVES PER TEL\u00c8FON \u00b7 Per m\u00e9s informaci\u00f3 no dubteu a contactar amb nosaltres. Nos encontrar\u00e9is&#8230; Donde la costa se vuelve m\u00e1s brava y la roca emerge del mar para contemplar toda la belleza de sus kilom\u00e9tricas playas. \u00a0 Donde las monta\u00f1as acantiladas<br \/><a class=\"moretag\" href=\"https:\/\/mossegam.com\/ca\/contactar-restaurant-blanes\/\">+ Read More<\/a><\/p>\n","protected":false},"author":1,"featured_media":0,"parent":0,"menu_order":0,"comment_status":"closed","ping_status":"closed","template":"elementor_header_footer","meta":{"footnotes":""},"class_list":["post-2957","page","type-page","status-publish","hentry"],"yoast_head":"<!-- This site is optimized with the Yoast SEO plugin v24.7 - https:\/\/yoast.com\/wordpress\/plugins\/seo\/ -->\n<title>CONTACTAR - MOSSEGA&#039;M Bocater\u00eda Blanes<\/title>\n<meta name=\"description\" content=\"Puedes contactar con Mossegam y reservar mesa, en tu bocater\u00eda restaurante en Blanes, llamando por tel\u00e9fono al 640 80 94 07.\" \/>\n<meta name=\"robots\" content=\"index, follow, max-snippet:-1, max-image-preview:large, max-video-preview:-1\" \/>\n<link rel=\"canonical\" href=\"https:\/\/mossegam.com\/contactar-restaurant-blanes\/\" \/>\n<meta property=\"og:locale\" content=\"ca_ES\" \/>\n<meta property=\"og:type\" content=\"article\" \/>\n<meta property=\"og:title\" content=\"CONTACTAR - MOSSEGA&#039;M Bocater\u00eda Blanes\" \/>\n<meta property=\"og:description\" content=\"Puedes contactar con Mossegam y reservar mesa, en tu bocater\u00eda restaurante en Blanes, llamando por tel\u00e9fono al 640 80 94 07.\" \/>\n<meta property=\"og:url\" content=\"https:\/\/mossegam.com\/contactar-restaurant-blanes\/\" \/>\n<meta property=\"og:site_name\" content=\"MOSSEGA&#039;M Bocater\u00eda Blanes\" \/>\n<meta property=\"article:modified_time\" content=\"2024-04-22T17:10:18+00:00\" \/>\n<meta property=\"og:image\" content=\"http:\/\/mossegam.com\/wp-content\/uploads\/2023\/10\/Logo-Mossegam-350px.png\" \/>\n<meta name=\"twitter:card\" content=\"summary_large_image\" \/>\n<meta name=\"twitter:label1\" content=\"Temps estimat de lectura\" \/>\n\t<meta name=\"twitter:data1\" content=\"2 minuts\" \/>\n<script type=\"application\/ld+json\" class=\"yoast-schema-graph\">{\"@context\":\"https:\/\/schema.org\",\"@graph\":[{\"@type\":\"WebPage\",\"@id\":\"https:\/\/mossegam.com\/contactar-restaurant-blanes\/\",\"url\":\"https:\/\/mossegam.com\/contactar-restaurant-blanes\/\",\"name\":\"CONTACTAR - MOSSEGA&#039;M Bocater\u00eda Blanes\",\"isPartOf\":{\"@id\":\"https:\/\/mossegam.com\/#website\"},\"primaryImageOfPage\":{\"@id\":\"https:\/\/mossegam.com\/contactar-restaurant-blanes\/#primaryimage\"},\"image\":{\"@id\":\"https:\/\/mossegam.com\/contactar-restaurant-blanes\/#primaryimage\"},\"thumbnailUrl\":\"http:\/\/mossegam.com\/wp-content\/uploads\/2023\/10\/Logo-Mossegam-350px.png\",\"datePublished\":\"2023-10-26T15:52:04+00:00\",\"dateModified\":\"2024-04-22T17:10:18+00:00\",\"description\":\"Puedes contactar con Mossegam y reservar mesa, en tu bocater\u00eda restaurante en Blanes, llamando por tel\u00e9fono al 640 80 94 07.\",\"breadcrumb\":{\"@id\":\"https:\/\/mossegam.com\/contactar-restaurant-blanes\/#breadcrumb\"},\"inLanguage\":\"ca\",\"potentialAction\":[{\"@type\":\"ReadAction\",\"target\":[\"https:\/\/mossegam.com\/contactar-restaurant-blanes\/\"]}]},{\"@type\":\"ImageObject\",\"inLanguage\":\"ca\",\"@id\":\"https:\/\/mossegam.com\/contactar-restaurant-blanes\/#primaryimage\",\"url\":\"http:\/\/mossegam.com\/wp-content\/uploads\/2023\/10\/Logo-Mossegam-350px.png\",\"contentUrl\":\"http:\/\/mossegam.com\/wp-content\/uploads\/2023\/10\/Logo-Mossegam-350px.png\"},{\"@type\":\"BreadcrumbList\",\"@id\":\"https:\/\/mossegam.com\/contactar-restaurant-blanes\/#breadcrumb\",\"itemListElement\":[{\"@type\":\"ListItem\",\"position\":1,\"name\":\"Portada\",\"item\":\"https:\/\/mossegam.com\/\"},{\"@type\":\"ListItem\",\"position\":2,\"name\":\"CONTACTAR\"}]},{\"@type\":\"WebSite\",\"@id\":\"https:\/\/mossegam.com\/#website\",\"url\":\"https:\/\/mossegam.com\/\",\"name\":\"MOSSEGA'M\",\"description\":\"[:es]La cuina dels entrepans[:ca]Mai els entrepans han estat tant elaborats[:]\",\"publisher\":{\"@id\":\"https:\/\/mossegam.com\/#organization\"},\"potentialAction\":[{\"@type\":\"SearchAction\",\"target\":{\"@type\":\"EntryPoint\",\"urlTemplate\":\"https:\/\/mossegam.com\/?s={search_term_string}\"},\"query-input\":{\"@type\":\"PropertyValueSpecification\",\"valueRequired\":true,\"valueName\":\"search_term_string\"}}],\"inLanguage\":\"ca\"},{\"@type\":\"Organization\",\"@id\":\"https:\/\/mossegam.com\/#organization\",\"name\":\"MOSSEGA'M\",\"url\":\"https:\/\/mossegam.com\/\",\"logo\":{\"@type\":\"ImageObject\",\"inLanguage\":\"ca\",\"@id\":\"https:\/\/mossegam.com\/#\/schema\/logo\/image\/\",\"url\":\"https:\/\/mossegam.com\/wp-content\/uploads\/2023\/10\/Logo-Mossegam-1100px.png\",\"contentUrl\":\"https:\/\/mossegam.com\/wp-content\/uploads\/2023\/10\/Logo-Mossegam-1100px.png\",\"width\":1100,\"height\":297,\"caption\":\"MOSSEGA'M\"},\"image\":{\"@id\":\"https:\/\/mossegam.com\/#\/schema\/logo\/image\/\"}}]}<\/script>\n<!-- \/ Yoast SEO plugin. -->","yoast_head_json":{"title":"CONTACTAR - MOSSEGA&#039;M Bocater\u00eda Blanes","description":"Puedes contactar con Mossegam y reservar mesa, en tu bocater\u00eda restaurante en Blanes, llamando por tel\u00e9fono al 640 80 94 07.","robots":{"index":"index","follow":"follow","max-snippet":"max-snippet:-1","max-image-preview":"max-image-preview:large","max-video-preview":"max-video-preview:-1"},"canonical":"https:\/\/mossegam.com\/contactar-restaurant-blanes\/","og_locale":"ca_ES","og_type":"article","og_title":"CONTACTAR - MOSSEGA&#039;M Bocater\u00eda Blanes","og_description":"Puedes contactar con Mossegam y reservar mesa, en tu bocater\u00eda restaurante en Blanes, llamando por tel\u00e9fono al 640 80 94 07.","og_url":"https:\/\/mossegam.com\/contactar-restaurant-blanes\/","og_site_name":"MOSSEGA&#039;M Bocater\u00eda Blanes","article_modified_time":"2024-04-22T17:10:18+00:00","og_image":[{"url":"http:\/\/mossegam.com\/wp-content\/uploads\/2023\/10\/Logo-Mossegam-350px.png","type":"","width":"","height":""}],"twitter_card":"summary_large_image","twitter_misc":{"Temps estimat de lectura":"2 minuts"},"schema":{"@context":"https:\/\/schema.org","@graph":[{"@type":"WebPage","@id":"https:\/\/mossegam.com\/contactar-restaurant-blanes\/","url":"https:\/\/mossegam.com\/contactar-restaurant-blanes\/","name":"CONTACTAR - MOSSEGA&#039;M Bocater\u00eda Blanes","isPartOf":{"@id":"https:\/\/mossegam.com\/#website"},"primaryImageOfPage":{"@id":"https:\/\/mossegam.com\/contactar-restaurant-blanes\/#primaryimage"},"image":{"@id":"https:\/\/mossegam.com\/contactar-restaurant-blanes\/#primaryimage"},"thumbnailUrl":"http:\/\/mossegam.com\/wp-content\/uploads\/2023\/10\/Logo-Mossegam-350px.png","datePublished":"2023-10-26T15:52:04+00:00","dateModified":"2024-04-22T17:10:18+00:00","description":"Puedes contactar con Mossegam y reservar mesa, en tu bocater\u00eda restaurante en Blanes, llamando por tel\u00e9fono al 640 80 94 07.","breadcrumb":{"@id":"https:\/\/mossegam.com\/contactar-restaurant-blanes\/#breadcrumb"},"inLanguage":"ca","potentialAction":[{"@type":"ReadAction","target":["https:\/\/mossegam.com\/contactar-restaurant-blanes\/"]}]},{"@type":"ImageObject","inLanguage":"ca","@id":"https:\/\/mossegam.com\/contactar-restaurant-blanes\/#primaryimage","url":"http:\/\/mossegam.com\/wp-content\/uploads\/2023\/10\/Logo-Mossegam-350px.png","contentUrl":"http:\/\/mossegam.com\/wp-content\/uploads\/2023\/10\/Logo-Mossegam-350px.png"},{"@type":"BreadcrumbList","@id":"https:\/\/mossegam.com\/contactar-restaurant-blanes\/#breadcrumb","itemListElement":[{"@type":"ListItem","position":1,"name":"Portada","item":"https:\/\/mossegam.com\/"},{"@type":"ListItem","position":2,"name":"CONTACTAR"}]},{"@type":"WebSite","@id":"https:\/\/mossegam.com\/#website","url":"https:\/\/mossegam.com\/","name":"MOSSEGA'M","description":"[:es]La cuina dels entrepans[:ca]Mai els entrepans han estat tant elaborats[:]","publisher":{"@id":"https:\/\/mossegam.com\/#organization"},"potentialAction":[{"@type":"SearchAction","target":{"@type":"EntryPoint","urlTemplate":"https:\/\/mossegam.com\/?s={search_term_string}"},"query-input":{"@type":"PropertyValueSpecification","valueRequired":true,"valueName":"search_term_string"}}],"inLanguage":"ca"},{"@type":"Organization","@id":"https:\/\/mossegam.com\/#organization","name":"MOSSEGA'M","url":"https:\/\/mossegam.com\/","logo":{"@type":"ImageObject","inLanguage":"ca","@id":"https:\/\/mossegam.com\/#\/schema\/logo\/image\/","url":"https:\/\/mossegam.com\/wp-content\/uploads\/2023\/10\/Logo-Mossegam-1100px.png","contentUrl":"https:\/\/mossegam.com\/wp-content\/uploads\/2023\/10\/Logo-Mossegam-1100px.png","width":1100,"height":297,"caption":"MOSSEGA'M"},"image":{"@id":"https:\/\/mossegam.com\/#\/schema\/logo\/image\/"}}]}},"_links":{"self":[{"href":"https:\/\/mossegam.com\/ca\/wp-json\/wp\/v2\/pages\/2957","targetHints":{"allow":["GET"]}}],"collection":[{"href":"https:\/\/mossegam.com\/ca\/wp-json\/wp\/v2\/pages"}],"about":[{"href":"https:\/\/mossegam.com\/ca\/wp-json\/wp\/v2\/types\/page"}],"author":[{"embeddable":true,"href":"https:\/\/mossegam.com\/ca\/wp-json\/wp\/v2\/users\/1"}],"replies":[{"embeddable":true,"href":"https:\/\/mossegam.com\/ca\/wp-json\/wp\/v2\/comments?post=2957"}],"version-history":[{"count":93,"href":"https:\/\/mossegam.com\/ca\/wp-json\/wp\/v2\/pages\/2957\/revisions"}],"predecessor-version":[{"id":4405,"href":"https:\/\/mossegam.com\/ca\/wp-json\/wp\/v2\/pages\/2957\/revisions\/4405"}],"wp:attachment":[{"href":"https:\/\/mossegam.com\/ca\/wp-json\/wp\/v2\/media?parent=2957"}],"curies":[{"name":"wp","href":"https:\/\/api.w.org\/{rel}","templated":true}]}}