{"id":3023,"date":"2023-10-27T14:10:28","date_gmt":"2023-10-27T14:10:28","guid":{"rendered":"https:\/\/mossegam.com\/?page_id=3023"},"modified":"2025-02-10T15:19:28","modified_gmt":"2025-02-10T15:19:28","slug":"avis-legal","status":"publish","type":"page","link":"https:\/\/mossegam.com\/ca\/avis-legal\/","title":{"rendered":"AV\u00cdS LEGAL"},"content":{"rendered":"\t\t<div data-elementor-type=\"wp-page\" data-elementor-id=\"3023\" class=\"elementor elementor-3023\">\n\t\t\t\t<div class=\"elementor-element elementor-element-f7b0c32 e-flex e-con-boxed e-con e-parent\" data-id=\"f7b0c32\" data-element_type=\"container\" data-settings=\"{&quot;background_background&quot;:&quot;slideshow&quot;,&quot;background_slideshow_gallery&quot;:[],&quot;background_slideshow_loop&quot;:&quot;yes&quot;,&quot;background_slideshow_slide_duration&quot;:5000,&quot;background_slideshow_slide_transition&quot;:&quot;fade&quot;,&quot;background_slideshow_transition_duration&quot;:500}\">\n\t\t\t\t\t<div class=\"e-con-inner\">\n\t\t\t\t\t<\/div>\n\t\t\t\t<\/div>\n\t\t<div class=\"elementor-element elementor-element-ab1eb7c e-flex e-con-boxed e-con e-parent\" data-id=\"ab1eb7c\" data-element_type=\"container\">\n\t\t\t\t\t<div class=\"e-con-inner\">\n\t\t<div class=\"elementor-element elementor-element-63ac3a4 e-con-full e-flex e-con e-child\" data-id=\"63ac3a4\" data-element_type=\"container\">\n\t\t\t\t<\/div>\n\t\t\t\t\t<\/div>\n\t\t\t\t<\/div>\n\t\t<div class=\"elementor-element elementor-element-fe65ffd e-flex e-con-boxed e-con e-parent\" data-id=\"fe65ffd\" data-element_type=\"container\">\n\t\t\t\t\t<div class=\"e-con-inner\">\n\t\t\t\t<div class=\"elementor-element elementor-element-fe0909e elementor-widget-divider--view-line_icon elementor-view-default elementor-widget-divider--element-align-center elementor-widget elementor-widget-divider\" data-id=\"fe0909e\" data-element_type=\"widget\" data-widget_type=\"divider.default\">\n\t\t\t\t<div class=\"elementor-widget-container\">\n\t\t\t\t\t\t\t<div class=\"elementor-divider\">\n\t\t\t<span class=\"elementor-divider-separator\">\n\t\t\t\t\t\t\t<div class=\"elementor-icon elementor-divider__element\">\n\t\t\t\t\t<i aria-hidden=\"true\" class=\"fas fa-star\"><\/i><\/div>\n\t\t\t\t\t\t<\/span>\n\t\t<\/div>\n\t\t\t\t\t\t<\/div>\n\t\t\t\t<\/div>\n\t\t\t\t<div class=\"elementor-element elementor-element-42c56ab elementor-widget__width-initial elementor-widget elementor-widget-text-editor\" data-id=\"42c56ab\" data-element_type=\"widget\" data-widget_type=\"text-editor.default\">\n\t\t\t\t<div class=\"elementor-widget-container\">\n\t\t\t\t\t\t\t\t\t<p><\/p>\n<h1>AV\u00cdS LEGAL<\/h1>\n<h3><strong>1. Dades identificatives.<\/strong><\/h3>\n<p>En compliment amb el deure informaci\u00f3 recollit a l\u2019article 10 de la Llei 34\/2002 d\u201911 de juliol, de Serveis de la Societat de la Informaci\u00f3 i del Comer\u00e7 Electr\u00f2nic, a continuaci\u00f3 es reflecteixen les dades seg\u00fcents:<\/p>\n<p>L\u2019empresa titular del domini web \u00e9s (&#8212;) amb NIF (&#8212;) i amb adre\u00e7a a aquests efectes a xxx , Blanes d\u2019ara endavant MOSSEGA&#8217;M.<\/p>\n<h3><strong>2. Acceptaci\u00f3 de lusuari.<\/strong><\/h3>\n<p>Aquest Av\u00eds Legal regula l\u2019acc\u00e9s i la utilitzaci\u00f3 de la p\u00e0gina web (www.mossegam.com) (d\u2019ara endavant la \u201cWeb\u201d) que MOSSEGA&#8217;M&nbsp;posa a disposici\u00f3 dels usuaris d\u2019Internet. S\u2019ent\u00e9n per usuari la persona que accedeixi, navegui, utilitzi o participi als serveis i activitats del Web. L\u2019acc\u00e9s i la navegaci\u00f3 d\u2019un usuari per la Web implica l\u2019acceptaci\u00f3 sense reserves del present Av\u00eds Legal. MOSSEGA&#8217;M&nbsp;pot oferir a trav\u00e9s de la p\u00e0gina web serveis que es podran trobar sotmesos a unes condicions particulars pr\u00f2pies sobre les quals s\u2019informar\u00e0 l\u2019Usuari en cada cas concret.<\/p>\n<h3><strong>3. Utilitzaci\u00f3 de la web.<\/strong><\/h3>\n<p>3.1. L\u2019usuari es compromet a utilitzar la Web, els continguts i serveis de conformitat amb la Llei, aquest Av\u00eds Legal, els bons costums i l\u2019ordre p\u00fablic. De la mateixa manera l\u2019Usuari s\u2019obliga a no utilitzar la Web o els serveis que es prestin a trav\u00e9s d\u2019ell amb fins o efectes il\u00b7l\u00edcits o contraris al contingut del present Av\u00eds Legal, lesius dels interessos o drets de tercers, o que de qualsevol manera pugui danyar, inutilitzar o deteriorar el Web o els seus serveis o impedir un gaudi normal del Web per altres Usuaris.<\/p>\n<p>3.2. L\u2019usuari es compromet expressament a no destruir, alterar, inutilitzar o, de qualsevol altra manera, fer malb\u00e9 les dades, programes o documents electr\u00f2nics i altres que es trobin a la Web.<\/p>\n<p>3.3. L\u2019usuari es compromet a no obstaculitzar l\u2019acc\u00e9s a altres usuaris al servei d\u2019acc\u00e9s mitjan\u00e7ant el consum massiu dels recursos inform\u00e0tics a trav\u00e9s dels quals MOSSEGA&#8217;M&nbsp;presta el servei, aix\u00ed com realitzar accions que facin malb\u00e9, interrompin o generin errors en aquests sistemes o serveis.<\/p>\n<p>3.4. L\u2019usuari es compromet a no introduir programes, virus, macros, applets, controls ActiveX o qualsevol altre dispositiu l\u00f2gic o seq\u00fc\u00e8ncia de car\u00e0cters que causin o siguin susceptibles de causar qualsevol tipus d\u2019alteraci\u00f3 als sistemes inform\u00e0tics de MOSSEGA&#8217;M&nbsp;o de tercers.<\/p>\n<p>3.5. L\u2019usuari es compromet a no obtenir informacions, missatges, gr\u00e0fics, dibuixos, arxius de so i\/o imatge, fotografies, enregistraments, programari i en general, qualsevol classe de material accessible a trav\u00e9s del web o dels serveis que s\u2019hi ofereixen.<\/p>\n<p>3.6. S\u2019ent\u00e9n que l\u2019acc\u00e9s o la utilitzaci\u00f3 de la Web per part de l\u2019usuari implica l\u2019acceptaci\u00f3 per aquest de l\u2019Av\u00eds Legal que MOSSEGA&#8217;M&nbsp;tingui publicat en el moment de l\u2019acc\u00e9s, el qual estar\u00e0 sempre disponible per als usuaris.<\/p>\n<p>3.7. L\u2019usuari es compromet a fer un \u00fas adequat dels continguts i serveis que MOSSEGA&#8217;M&nbsp;ofereix a la seva seu Web i a no fer-los servir per inc\u00f3rrer en activitats il\u00b7l\u00edcites o contr\u00e0ries a la bona fe ia l\u2019ordenament legal; difondre continguts o propaganda de car\u00e0cter racista, xen\u00f2fob, pornogr\u00e0fic-il\u00b7legal, d\u2019apologia del terrorisme o atemptatori contra els drets humans.<\/p>\n<h3><strong>4. Acc\u00e9s a la web.<\/strong><\/h3>\n<p>4.1. L\u2019acc\u00e9s a la Web per part dels usuaris t\u00e9 car\u00e0cter lliure i gratu\u00eft<\/p>\n<p>4.2. Quan sigui necessari que l\u2019usuari es registri o aporti dades personals per poder accedir a algun dels serveis, la recollida i el tractament de les dades personals dels usuaris ser\u00e0 aplicable el que disposa l\u2019apartat 9 d\u2019aquest Av\u00eds Legal.<\/p>\n<p>4.3. Queda prohibida la contractaci\u00f3 de productes o serveis a trav\u00e9s de la Web per part de menors d\u2019edat, havent d\u2019obtenir degudament i amb anterioritat, el consentiment dels seus pares, tutors o representants legals, els quals seran considerats com a responsables dels actes que portin a els menors a c\u00e0rrec seu.<\/p>\n<p>4.4. Si per a la utilitzaci\u00f3 d\u2019un servei a la Web, l\u2019usuari ha de procedir al registre, aquest ser\u00e0 responsable d\u2019aportar informaci\u00f3 vera\u00e7 i l\u00edcita.<\/p>\n<p>4. Modificacions Av\u00eds Legal.<\/p>\n<p><span style=\"color: var( --e-global-color-text ); font-family: var( --e-global-typography-text-font-family ), Sans-serif; font-weight: var( --e-global-typography-text-font-weight ); text-align: var(--text-align);\">MOSSEGA&#8217;M<\/span>&nbsp;es reserva expressament el dret a modificar aquest Av\u00eds Legal. L\u2019usuari reconeix i accepta que \u00e9s la seva responsabilitat revisar la Web i aquest Av\u00eds Legal.<\/p>\n<h3><strong>5. Acc\u00e9s a la web.<\/strong><\/h3>\n<p>5.1. MOSSEGA&#8217;M&nbsp;es compromet a realitzar els seus millors esfor\u00e7os per evitar qualsevol error en els continguts que poguessin apar\u00e8ixer a la Web. En qualsevol cas, MOSSEGA&#8217;M&nbsp;estar\u00e0 exempta de qualsevol responsabilitat derivada d\u2019eventuals errors en els continguts que poguessin apar\u00e8ixer a la Web, sempre que no li siguin imputables.<\/p>\n<p>5.2. MOSSEGA&#8217;M&nbsp;no garanteix que la Web i el servidor estiguin lliures de virus i no es fa responsable dels possibles danys o perjudicis que puguin derivar d\u2019interfer\u00e8ncies, omissions, interrupcions, virus inform\u00e0tics, avaries telef\u00f2niques o desconnexions en el funcionament operatiu d\u2019aquest sistema electr\u00f2nic, motivat per causes alienes a MOSSEGA&#8217;M, de retards o bloquejos en l\u2019\u00fas daquest sistema electr\u00f2nic causats per defici\u00e8ncies de l\u00ednies telef\u00f2niques o sobrec\u00e0rregues en el sistema d\u2019Internet o en altres sistemes electr\u00f2nics, aix\u00ed com tamb\u00e9 de danys que puguin ser causats per terceres persones mitjan\u00e7ant intromissions il\u00b7leg\u00edtimes fora del control de MOSSEGA&#8217;M.<\/p>\n<h3><strong>6. Limitaci\u00f3 de Garanties i Responsabilitats.<\/strong><\/h3>\n<p>6.1. Tots els drets de Propietat Industrial i Intel\u00b7lectual de la Web (www.mossegam.com) i dels seus continguts (textos, imatges, sons, \u00e0udio, v\u00eddeo, dissenys, creativitats, programari) pertanyen, com a autor d\u2019obra col\u00b7lectiva o com a cession\u00e0ria, a MOSSEGA&#8217;M&nbsp;o, si escau, a terceres persones.<\/p>\n<p>6.2. Queden expressament prohibides la reproducci\u00f3, la distribuci\u00f3 i la comunicaci\u00f3 p\u00fablica, inclosa la seva modalitat de posada a disposici\u00f3, de la totalitat o part dels continguts d\u2019aquesta p\u00e0gina web, amb qualsevol finalitat, en qualsevol suport i per qualsevol mitj\u00e0 t\u00e8cnic, sense l\u2019autoritzaci\u00f3 de MOSSEGA&#8217;M. L\u2019usuari es compromet a respectar els drets de propietat industrial i intel\u00b7lectual titularitat de MOSSEGA&#8217;M&nbsp;i de tercers.<\/p>\n<p>6.3. Als efectes del que preveu l\u2019article 32.1 del Text Ref\u00f3s de la Llei de Propietat Intel\u00b7lectual, MOSSEGA&#8217;M&nbsp;s\u2019oposa expressament a la utilitzaci\u00f3 de qualsevol contingut d\u2019aquest portal web amb la finalitat de fer ressenyes amb finalitats comercials sense comptar amb l\u2019autoritzaci\u00f3 pr\u00e8via de MOSSEGA&#8217;M.<\/p>\n<p>6.4. L\u2019usuari pot visualitzar tots els elements, imprimir-los, copiar-los i emmagatzemar-los al disc dur del seu ordinador o en qualsevol altre suport f\u00edsic sempre que sigui, \u00fanica i exclusivament, per al seu \u00fas personal i privat, quedant, per tant, terminantment prohibida la seva utilitzaci\u00f3 amb altres fins, la distribuci\u00f3, aix\u00ed com la modificaci\u00f3, l\u2019alteraci\u00f3 o la descompilaci\u00f3.<\/p>\n<p>6.5. MOSSEGA&#8217;M&nbsp;proporciona l\u2019acc\u00e9s a tot tipus d\u2019informacions, serveis, programes o dades a Internet que poden pert\u00e0nyer a terceres persones, i en aquest cas MOSSEGA&#8217;M&nbsp;no es fa responsable d\u2019aquests continguts ni de totes les reclamacions que puguin derivar-se de la qualitat, fiabilitat, exactitud. o correcci\u00f3 dels mateixos.<\/p>\n<h3><strong>7. Enlla\u00e7os de Tercers.<\/strong><\/h3>\n<p>7.1. En cas que a la Web es disposessin enlla\u00e7os o hipervincles cap a altres llocs d\u2019Internet, MOSSEGA&#8217;M&nbsp;no exercir\u00e0 cap tipus de control sobre aquests llocs i continguts. En cap cas MOSSEGA&#8217;M&nbsp;assumir\u00e0 cap responsabilitat pels continguts d\u2019algun enlla\u00e7 pertanyent a un lloc web ali\u00e8, ni garantir\u00e0 la disponibilitat t\u00e8cnica, qualitat, fiabilitat, exactitud, amplitud, veracitat, validesa i constitucionalitat de qualsevol material o informaci\u00f3 continguda al capdavant dels hipervincles o altres llocs dInternet.<\/p>\n<p>7.2. Aquests enlla\u00e7os nom\u00e9s es proporcionen per informar a l\u2019Usuari sobre l\u2019exist\u00e8ncia d\u2019altres fonts d\u2019informaci\u00f3 sobre un tema concret, i la inclusi\u00f3 d\u2019un enlla\u00e7 no implica l\u2019aprovaci\u00f3 de la p\u00e0gina web enlla\u00e7ada per part de MOSSEGA&#8217;M.<\/p>\n<p>7.3. MOSSEGA&#8217;M&nbsp;nom\u00e9s autoritza mencions als seus continguts a altres seus Web, amb el tractament que aquestes considerin sempre que sigui respectu\u00f3s, compleixi la legislaci\u00f3 vigent i en cap cas reprodueixin, sense la deguda autoritzaci\u00f3, els continguts de MOSSEGA&#8217;M.<\/p>\n<h3><strong>8. Protecci\u00f3 de dades personals.<\/strong><\/h3>\n<p>8.1. MOSSEGA&#8217;M&nbsp;adopta les mesures t\u00e8cniques i organitzatives necess\u00e0ries per garantir la protecci\u00f3 de les dades de car\u00e0cter personal i evitar la seva alteraci\u00f3, p\u00e8rdua, tractament i\/o acc\u00e9s no autoritzat, tenint en compte l\u2019estat de la t\u00e8cnica, la naturalesa de les dades emmagatzemades i les riscos a qu\u00e8 estan exposats, tot aix\u00f2, d\u2019acord amb all\u00f2 establert per la legislaci\u00f3 espanyola i europea de Protecci\u00f3 de Dades de Car\u00e0cter Personal.<\/p>\n<p>8.2. L\u2019usuari podr\u00e0 proporcionar a MOSSEGA&#8217;M&nbsp;les dades de car\u00e0cter personal a trav\u00e9s dels diferents formularis que a aquest efecte apareixen a la Web. Aquests formularis incorporen un text legal en mat\u00e8ria de protecci\u00f3 de dades personals que d\u00f3na compliment a les exig\u00e8ncies establertes al REGLAMENT (UE) 2016\/679 del Parlament Europeu i del Consell de 27 d\u2019abril de 2016 relatiu a la protecci\u00f3 de les persones f\u00edsiques a pel que fa al tractament de dades personals ia la lliure circulaci\u00f3 d\u2019aquestes dades (Reglament General de Protecci\u00f3 de Dades \u2013 RGPD). De la mateixa manera, MOSSEGA&#8217;M&nbsp;podr\u00e0 obtenir dades de car\u00e0cter personal originades per la seva navegaci\u00f3 i\/o \u00fas del Web.<\/p>\n<p>8.3. Preguem llegiu atentament els textos legals abans de facilitar les vostres dades de car\u00e0cter personal.<\/p>\n<p><\/p>\t\t\t\t\t\t\t\t<\/div>\n\t\t\t\t<\/div>\n\t\t\t\t<div class=\"elementor-element elementor-element-9ba793d elementor-widget-divider--view-line elementor-widget elementor-widget-divider\" data-id=\"9ba793d\" data-element_type=\"widget\" data-widget_type=\"divider.default\">\n\t\t\t\t<div class=\"elementor-widget-container\">\n\t\t\t\t\t\t\t<div class=\"elementor-divider\">\n\t\t\t<span class=\"elementor-divider-separator\">\n\t\t\t\t\t\t<\/span>\n\t\t<\/div>\n\t\t\t\t\t\t<\/div>\n\t\t\t\t<\/div>\n\t\t\t\t<div class=\"elementor-element elementor-element-1c057e0 elementor-widget elementor-widget-spacer\" data-id=\"1c057e0\" data-element_type=\"widget\" data-widget_type=\"spacer.default\">\n\t\t\t\t<div class=\"elementor-widget-container\">\n\t\t\t\t\t\t\t<div class=\"elementor-spacer\">\n\t\t\t<div class=\"elementor-spacer-inner\"><\/div>\n\t\t<\/div>\n\t\t\t\t\t\t<\/div>\n\t\t\t\t<\/div>\n\t\t\t\t\t<\/div>\n\t\t\t\t<\/div>\n\t\t\t\t<\/div>\n\t\t","protected":false},"excerpt":{"rendered":"<p>AV\u00cdS LEGAL 1. Dades identificatives. En compliment amb el deure informaci\u00f3 recollit a l\u2019article 10 de la Llei 34\/2002 d\u201911 de juliol, de Serveis de la Societat de la Informaci\u00f3 i del Comer\u00e7 Electr\u00f2nic, a continuaci\u00f3 es reflecteixen les dades seg\u00fcents: L\u2019empresa titular del domini web \u00e9s (&#8212;) amb NIF (&#8212;) i amb adre\u00e7a a<br \/><a class=\"moretag\" href=\"https:\/\/mossegam.com\/ca\/avis-legal\/\">+ Read More<\/a><\/p>\n","protected":false},"author":1,"featured_media":0,"parent":0,"menu_order":0,"comment_status":"closed","ping_status":"closed","template":"elementor_header_footer","meta":{"footnotes":""},"class_list":["post-3023","page","type-page","status-publish","hentry"],"yoast_head":"<!-- This site is optimized with the Yoast SEO plugin v24.7 - https:\/\/yoast.com\/wordpress\/plugins\/seo\/ -->\n<title>AV\u00cdS LEGAL - MOSSEGA&#039;M Bocater\u00eda Blanes<\/title>\n<meta name=\"robots\" content=\"noindex, nofollow\" \/>\n<meta property=\"og:locale\" content=\"ca_ES\" \/>\n<meta property=\"og:type\" content=\"article\" \/>\n<meta property=\"og:title\" content=\"[:es]AVISO LEGAL[:ca]AV\u00cdS LEGAL[:] - MOSSEGA&#039;M Bocater\u00eda Blanes\" \/>\n<meta property=\"og:description\" content=\"AV\u00cdS LEGAL 1. Dades identificatives. En compliment amb el deure informaci\u00f3 recollit a l\u2019article 10 de la Llei 34\/2002 d\u201911 de juliol, de Serveis de la Societat de la Informaci\u00f3 i del Comer\u00e7 Electr\u00f2nic, a continuaci\u00f3 es reflecteixen les dades seg\u00fcents: L\u2019empresa titular del domini web \u00e9s (&#8212;) amb NIF (&#8212;) i amb adre\u00e7a a+ Read More\" \/>\n<meta property=\"og:url\" content=\"https:\/\/mossegam.com\/avis-legal\/\" \/>\n<meta property=\"og:site_name\" content=\"MOSSEGA&#039;M Bocater\u00eda Blanes\" \/>\n<meta property=\"article:modified_time\" content=\"2025-02-10T15:19:28+00:00\" \/>\n<meta name=\"twitter:card\" content=\"summary_large_image\" \/>\n<meta name=\"twitter:label1\" content=\"Temps estimat de lectura\" \/>\n\t<meta name=\"twitter:data1\" content=\"7 minuts\" \/>\n<script type=\"application\/ld+json\" class=\"yoast-schema-graph\">{\"@context\":\"https:\/\/schema.org\",\"@graph\":[{\"@type\":\"WebPage\",\"@id\":\"https:\/\/mossegam.com\/avis-legal\/\",\"url\":\"https:\/\/mossegam.com\/avis-legal\/\",\"name\":\"[:es]AVISO LEGAL[:ca]AV\u00cdS LEGAL[:] - MOSSEGA&#039;M Bocater\u00eda Blanes\",\"isPartOf\":{\"@id\":\"https:\/\/mossegam.com\/#website\"},\"datePublished\":\"2023-10-27T14:10:28+00:00\",\"dateModified\":\"2025-02-10T15:19:28+00:00\",\"breadcrumb\":{\"@id\":\"https:\/\/mossegam.com\/avis-legal\/#breadcrumb\"},\"inLanguage\":\"ca\",\"potentialAction\":[{\"@type\":\"ReadAction\",\"target\":[\"https:\/\/mossegam.com\/avis-legal\/\"]}]},{\"@type\":\"BreadcrumbList\",\"@id\":\"https:\/\/mossegam.com\/avis-legal\/#breadcrumb\",\"itemListElement\":[{\"@type\":\"ListItem\",\"position\":1,\"name\":\"Portada\",\"item\":\"https:\/\/mossegam.com\/\"},{\"@type\":\"ListItem\",\"position\":2,\"name\":\"AVISO LEGAL\"}]},{\"@type\":\"WebSite\",\"@id\":\"https:\/\/mossegam.com\/#website\",\"url\":\"https:\/\/mossegam.com\/\",\"name\":\"MOSSEGA'M\",\"description\":\"[:es]La cuina dels entrepans[:ca]Mai els entrepans han estat tant elaborats[:]\",\"publisher\":{\"@id\":\"https:\/\/mossegam.com\/#organization\"},\"potentialAction\":[{\"@type\":\"SearchAction\",\"target\":{\"@type\":\"EntryPoint\",\"urlTemplate\":\"https:\/\/mossegam.com\/?s={search_term_string}\"},\"query-input\":{\"@type\":\"PropertyValueSpecification\",\"valueRequired\":true,\"valueName\":\"search_term_string\"}}],\"inLanguage\":\"ca\"},{\"@type\":\"Organization\",\"@id\":\"https:\/\/mossegam.com\/#organization\",\"name\":\"MOSSEGA'M\",\"url\":\"https:\/\/mossegam.com\/\",\"logo\":{\"@type\":\"ImageObject\",\"inLanguage\":\"ca\",\"@id\":\"https:\/\/mossegam.com\/#\/schema\/logo\/image\/\",\"url\":\"https:\/\/mossegam.com\/wp-content\/uploads\/2023\/10\/Logo-Mossegam-1100px.png\",\"contentUrl\":\"https:\/\/mossegam.com\/wp-content\/uploads\/2023\/10\/Logo-Mossegam-1100px.png\",\"width\":1100,\"height\":297,\"caption\":\"MOSSEGA'M\"},\"image\":{\"@id\":\"https:\/\/mossegam.com\/#\/schema\/logo\/image\/\"}}]}<\/script>\n<!-- \/ Yoast SEO plugin. -->","yoast_head_json":{"title":"[:es]AVISO LEGAL[:ca]AV\u00cdS LEGAL[:] - MOSSEGA&#039;M Bocater\u00eda Blanes","robots":{"index":"noindex","follow":"nofollow"},"og_locale":"ca_ES","og_type":"article","og_title":"[:es]AVISO LEGAL[:ca]AV\u00cdS LEGAL[:] - MOSSEGA&#039;M Bocater\u00eda Blanes","og_description":"AV\u00cdS LEGAL 1. Dades identificatives. En compliment amb el deure informaci\u00f3 recollit a l\u2019article 10 de la Llei 34\/2002 d\u201911 de juliol, de Serveis de la Societat de la Informaci\u00f3 i del Comer\u00e7 Electr\u00f2nic, a continuaci\u00f3 es reflecteixen les dades seg\u00fcents: L\u2019empresa titular del domini web \u00e9s (&#8212;) amb NIF (&#8212;) i amb adre\u00e7a a+ Read More","og_url":"https:\/\/mossegam.com\/avis-legal\/","og_site_name":"MOSSEGA&#039;M Bocater\u00eda Blanes","article_modified_time":"2025-02-10T15:19:28+00:00","twitter_card":"summary_large_image","twitter_misc":{"Temps estimat de lectura":"7 minuts"},"schema":{"@context":"https:\/\/schema.org","@graph":[{"@type":"WebPage","@id":"https:\/\/mossegam.com\/avis-legal\/","url":"https:\/\/mossegam.com\/avis-legal\/","name":"[:es]AVISO LEGAL[:ca]AV\u00cdS LEGAL[:] - MOSSEGA&#039;M Bocater\u00eda Blanes","isPartOf":{"@id":"https:\/\/mossegam.com\/#website"},"datePublished":"2023-10-27T14:10:28+00:00","dateModified":"2025-02-10T15:19:28+00:00","breadcrumb":{"@id":"https:\/\/mossegam.com\/avis-legal\/#breadcrumb"},"inLanguage":"ca","potentialAction":[{"@type":"ReadAction","target":["https:\/\/mossegam.com\/avis-legal\/"]}]},{"@type":"BreadcrumbList","@id":"https:\/\/mossegam.com\/avis-legal\/#breadcrumb","itemListElement":[{"@type":"ListItem","position":1,"name":"Portada","item":"https:\/\/mossegam.com\/"},{"@type":"ListItem","position":2,"name":"AVISO LEGAL"}]},{"@type":"WebSite","@id":"https:\/\/mossegam.com\/#website","url":"https:\/\/mossegam.com\/","name":"MOSSEGA'M","description":"[:es]La cuina dels entrepans[:ca]Mai els entrepans han estat tant elaborats[:]","publisher":{"@id":"https:\/\/mossegam.com\/#organization"},"potentialAction":[{"@type":"SearchAction","target":{"@type":"EntryPoint","urlTemplate":"https:\/\/mossegam.com\/?s={search_term_string}"},"query-input":{"@type":"PropertyValueSpecification","valueRequired":true,"valueName":"search_term_string"}}],"inLanguage":"ca"},{"@type":"Organization","@id":"https:\/\/mossegam.com\/#organization","name":"MOSSEGA'M","url":"https:\/\/mossegam.com\/","logo":{"@type":"ImageObject","inLanguage":"ca","@id":"https:\/\/mossegam.com\/#\/schema\/logo\/image\/","url":"https:\/\/mossegam.com\/wp-content\/uploads\/2023\/10\/Logo-Mossegam-1100px.png","contentUrl":"https:\/\/mossegam.com\/wp-content\/uploads\/2023\/10\/Logo-Mossegam-1100px.png","width":1100,"height":297,"caption":"MOSSEGA'M"},"image":{"@id":"https:\/\/mossegam.com\/#\/schema\/logo\/image\/"}}]}},"_links":{"self":[{"href":"https:\/\/mossegam.com\/ca\/wp-json\/wp\/v2\/pages\/3023","targetHints":{"allow":["GET"]}}],"collection":[{"href":"https:\/\/mossegam.com\/ca\/wp-json\/wp\/v2\/pages"}],"about":[{"href":"https:\/\/mossegam.com\/ca\/wp-json\/wp\/v2\/types\/page"}],"author":[{"embeddable":true,"href":"https:\/\/mossegam.com\/ca\/wp-json\/wp\/v2\/users\/1"}],"replies":[{"embeddable":true,"href":"https:\/\/mossegam.com\/ca\/wp-json\/wp\/v2\/comments?post=3023"}],"version-history":[{"count":11,"href":"https:\/\/mossegam.com\/ca\/wp-json\/wp\/v2\/pages\/3023\/revisions"}],"predecessor-version":[{"id":4449,"href":"https:\/\/mossegam.com\/ca\/wp-json\/wp\/v2\/pages\/3023\/revisions\/4449"}],"wp:attachment":[{"href":"https:\/\/mossegam.com\/ca\/wp-json\/wp\/v2\/media?parent=3023"}],"curies":[{"name":"wp","href":"https:\/\/api.w.org\/{rel}","templated":true}]}}